{"id":641,"date":"2016-08-15T14:04:03","date_gmt":"2016-08-15T14:04:03","guid":{"rendered":"http:\/\/camtucuman.gob.ar\/web\/accesible\/?page_id=641"},"modified":"2026-03-20T14:55:05","modified_gmt":"2026-03-20T14:55:05","slug":"normativa","status":"publish","type":"page","link":"https:\/\/camtucuman.gob.ar\/accesible\/normativa\/","title":{"rendered":"Normativa"},"content":{"rendered":"<p>[vc_row][vc_column][\/vc_column][\/vc_row][vc_row][vc_column][vc_column_text]<\/p>\n<div class=\"wpb_text_column wpb_content_element \">\n<div class=\"wpb_wrapper\">\n<h3>Leyes y Reglamento Interno<\/h3>\n<\/div>\n<\/div>\n<div class=\"wpb_text_column wpb_content_element \">\n<div class=\"wpb_wrapper\">\n<ul>\n<li><a href=\"https:\/\/camtucuman.gob.ar\/documentos\/otros\/ricam_20250804.pdf\" target=\"_blank\" rel=\"noopener noreferrer\">Reglamento Interno del CAM.<\/a><\/li>\n<li><a href=\"https:\/\/camtucuman.gob.ar\/documentos\/otros\/ley_8197_CAM_cosolidada_ley_9924.pdf\" target=\"_blank\" rel=\"noopener noreferrer\">Ley n\u00b08.197 \u2013 creaci\u00f3n del CAM (texto consolidado con el Digesto Jur\u00eddico ley 9924 publicado en Bolet\u00edn Oficial 17\/10\/2025).<\/a><\/li>\n<\/ul>\n<div class=\"wpb_text_column wpb_content_element \">\n<div class=\"wpb_wrapper\">\n<h3>Criterios para evaluaci\u00f3n de antecedentes<\/h3>\n<\/div>\n<\/div>\n<div class=\"vc_tta-container\" data-vc-action=\"collapseAll\">\n<div class=\"vc_general vc_tta vc_tta-accordion vc_tta-color-grey vc_tta-style-classic vc_tta-shape-rounded vc_tta-o-shape-group vc_tta-gap-20 vc_tta-controls-align-left vc_tta-o-no-fill vc_tta-o-all-clickable\">\n<div class=\"vc_tta-panels-container\">\n<div class=\"vc_tta-panels\">\n<div id=\"1595876660159-29711a10-594d\" class=\"vc_tta-panel vc_active\" data-vc-content=\".vc_tta-panel-body\">\n<div class=\"vc_tta-panel-heading\">\n<p><strong>T\u00edtulo de Doctor de 5 hasta 8 puntos,&nbsp;<\/strong>ejemplos:<\/p>\n<ul>\n<li><a href=\"http:\/\/camtucuman.gob.ar\/documentos\/actas_antecedentes\/acta_antecedentes_144.pdf\" target=\"_blank\" rel=\"noopener noreferrer\">Acta de Evaluaci\u00f3n de Antecedentes del Concurso N\u00b0 144<\/a>&nbsp;(Vocal\u00eda de C\u00e1mara de Apelaciones en lo Civil y Comercial Com\u00fan de Concepci\u00f3n).<\/li>\n<li><a href=\"http:\/\/camtucuman.gob.ar\/documentos\/actas_antecedentes\/acta_antecedentes_162.pdf\" target=\"_blank\" rel=\"noopener noreferrer\">Acta de Evaluaci\u00f3n de Antecedentes del Concurso N\u00b0 162<\/a>&nbsp;(Defensor\u00eda Oficial Civil y del Trabajo de Capital con car\u00e1cter Itinerante).<\/li>\n<\/ul>\n<p><strong>T\u00edtulo de Mag\u00edster de 4 hasta 5 puntos,&nbsp;<\/strong>ejemplos:<\/p>\n<ul>\n<li><a href=\"http:\/\/camtucuman.gob.ar\/documentos\/actas_antecedentes\/acta_antecedentes_188_189_190_191_192_193.pdf\" target=\"_blank\" rel=\"noopener noreferrer\">Acta de Evaluaci\u00f3n de Antecedentes de Concursos N\u00b0 188-193<\/a>&nbsp;(Jueces del Tribunal de Impugnaci\u00f3n de Capital).<\/li>\n<li><a href=\"http:\/\/camtucuman.gob.ar\/documentos\/acuerdos\/acuerdo_2017_1.pdf\" target=\"_blank\" rel=\"noopener noreferrer\">Acuerdo de Impugnaci\u00f3n N\u00b0 1\/2017<\/a>&nbsp;Concurso N\u00b0 104 (Fiscal\u00eda de C\u00e1mara Penal VI\u00b0 Nominaci\u00f3n de Capital).<\/li>\n<\/ul>\n<p><strong>T\u00edtulo de Especialista hasta 4 puntos,&nbsp;<\/strong>ejemplos:<\/p>\n<ul>\n<li><a href=\"http:\/\/camtucuman.gob.ar\/documentos\/acuerdos\/acuerdo_2019_26.pdf\" target=\"_blank\" rel=\"noopener noreferrer\">Acuerdo de Impugnaci\u00f3n N\u00b0 26\/2019<\/a>&nbsp;del Concurso N\u00b0 147 (Juzgado de Menores del Centro Judicial Monteros).<\/li>\n<li><a href=\"http:\/\/camtucuman.gob.ar\/documentos\/actas_antecedentes\/acta_antecedentes_188_189_190_191_192_193.pdf\" target=\"_blank\" rel=\"noopener noreferrer\">Acta de Evaluaci\u00f3n de Antecedentes de Concursos N\u00b0 188-193<\/a>&nbsp;(Jueces del Tribunal de Impugnaci\u00f3n de Capital).<\/li>\n<li><a href=\"http:\/\/camtucuman.gob.ar\/documentos\/actas_antecedentes\/acta_antecedentes_185.pdf\" target=\"_blank\" rel=\"noopener noreferrer\">Acta de Evaluaci\u00f3n de Antecedentes del Concurso N\u00b0 185<\/a>&nbsp;(Juzgado de Primera Instancia en lo Civil y Comercial Com\u00fan VII Nom. de Capital).<\/li>\n<\/ul>\n<p><strong>Otros t\u00edtulos aprobados, hasta 3 puntos en total,&nbsp;<\/strong>ejemplo:<\/p>\n<ul>\n<li><a href=\"http:\/\/camtucuman.gob.ar\/documentos\/actas_antecedentes\/acta_antecedentes_200.pdf\" target=\"_blank\" rel=\"noopener noreferrer\">Acta de Evaluaci\u00f3n de Antecedentes del Concurso N\u00b0 200<\/a>&nbsp;(Vocal\u00eda de C\u00e1mara Penal Sala VI de Capital).<\/li>\n<li><a href=\"http:\/\/camtucuman.gob.ar\/documentos\/actas_antecedentes\/acta_antecedentes_215.pdf\" target=\"_blank\" rel=\"noopener noreferrer\">Acta de Evaluaci\u00f3n de Antecedentes del Concurso N\u00b0 215<\/a>&nbsp;(Vocal\u00eda de C\u00e1mara Penal Sala I de Cconcepci\u00f3n).<\/li>\n<\/ul>\n<p><strong>Programa de Formaci\u00f3n en Competencias de la Escuela Judicial del CAM<\/strong>&nbsp;(por m\u00f3dulo\/seminario: 0,20 puntos. Finalizado: de 4 hasta 5 puntos). Ejemplos:<\/p>\n<ul>\n<li><a href=\"http:\/\/camtucuman.gob.ar\/documentos\/actas_antecedentes\/acta_antecedentes_185.pdf\" target=\"_blank\" rel=\"noopener noreferrer\">Acta de Evaluaci\u00f3n de Antecedentes del Concurso N\u00b0 185<\/a>&nbsp;(Juzgado de Primera Instancia en lo Civil y Comercial Com\u00fan de la VII Nom. de Capital).<\/li>\n<li><a href=\"http:\/\/camtucuman.gob.ar\/documentos\/actas_antecedentes\/acta_antecedentes_208.pdf\" target=\"_blank\" rel=\"noopener noreferrer\">Acta de Evaluaci\u00f3n de Antecedentes del Concurso N\u00b0 208<\/a>&nbsp;(Vocal\u00eda de C\u00e1mara en lo Contencioso Administrativo Sala I de Capital).<\/li>\n<li><a href=\"http:\/\/camtucuman.gob.ar\/documentos\/actas_antecedentes\/acta_antecedentes_205.pdf\" target=\"_blank\" rel=\"noopener noreferrer\">Acta de Evaluaci\u00f3n de Antecedentes del Concurso N\u00b0 205<\/a>&nbsp;(Juzgado de Primera Instancia en lo Contencioso Administrativo de Capital).<\/li>\n<\/ul>\n<p><strong>Profesor\/a Titular, de 5 hasta 8 puntos,&nbsp;<\/strong>ejemplo:<\/p>\n<ul>\n<li><a href=\"http:\/\/camtucuman.gob.ar\/documentos\/actas_antecedentes\/acta_antecedentes_175.pdf\" target=\"_blank\" rel=\"noopener noreferrer\">Acta de Evaluaci\u00f3n de Antecedentes del Concurso N\u00b0 175<\/a>&nbsp;(Vocal\u00eda de C\u00e1mara de Apelaciones en lo Penal de Instrucci\u00f3n de Capital).&nbsp;<\/li>\n<\/ul>\n<p><strong>Profesor Asociado, de 4 hasta 7 puntos,<\/strong>&nbsp;ejemplo:<\/p>\n<ul>\n<li><a href=\"http:\/\/camtucuman.gob.ar\/documentos\/actas_antecedentes\/acta_antecedentes_92.pdf\" target=\"_blank\" rel=\"noopener noreferrer\">Acta de Evaluaci\u00f3n de Antecedentes del Concurso N\u00b0 92<\/a>&nbsp;(Juzgado de Menores de Capital con asiento en Banda de R\u00edo Sal\u00ed).<\/li>\n<\/ul>\n<p><strong>Profesor Adjunto, de 3 hasta 6 puntos<\/strong>, ejemplo:<\/p>\n<ul>\n<li><a href=\"http:\/\/camtucuman.gob.ar\/documentos\/actas_antecedentes\/acta_antecedentes_175.pdf\" target=\"_blank\" rel=\"noopener noreferrer\">Acta de Evaluaci\u00f3n de Antecedentes del Concurso N\u00b0 175<\/a>&nbsp;(Vocal\u00eda de C\u00e1mara de Apelaciones en lo Penal de Instrucci\u00f3n de Capital).<\/li>\n<\/ul>\n<p><strong>Jefe de Trabajos Pr\u00e1cticos \/ Auxiliar Docente, hasta 3 puntos,<\/strong>&nbsp;ejemplo:<\/p>\n<ul>\n<li><a href=\"http:\/\/camtucuman.gob.ar\/documentos\/actas_antecedentes\/acta_antecedentes_188_189_190_191_192_193.pdf\" target=\"_blank\" rel=\"noopener noreferrer\">Acta de Evaluaci\u00f3n de Antecedentes de Concursos N\u00b0 188-193<\/a>&nbsp;(Jueces del Tribunal de Impugnaci\u00f3n de Capital).<\/li>\n<\/ul>\n<p><strong>Doc. no jur\u00edd. o no regul., 50% de los anteriores<\/strong>, ejemplo:<\/p>\n<ul>\n<li><a href=\"http:\/\/camtucuman.gob.ar\/documentos\/actas_antecedentes\/acta_antecedentes_200.pdf\" target=\"_blank\" rel=\"noopener noreferrer\">Acta de Evaluaci\u00f3n de Antecedentes del Concurso N\u00b0 200<\/a>&nbsp;(Vocal\u00eda de C\u00e1mara Penal Sala VI de Capital).<\/li>\n<\/ul>\n<p><strong>Docencia de posgrado<\/strong>, ejemplo:<\/p>\n<ul>\n<li><a href=\"http:\/\/camtucuman.gob.ar\/documentos\/actas_antecedentes\/acta_antecedentes_208.pdf\" target=\"_blank\" rel=\"noopener noreferrer\">Acta de Evaluaci\u00f3n de Antecedentes del Concurso N\u00b0 208<\/a>&nbsp;(Vocal\u00eda de C\u00e1mara en lo Contencioso Administrativo Sala I de Capital).<\/li>\n<\/ul>\n<p><strong>Disertaciones<\/strong>, ejemplo:<\/p>\n<ul>\n<li><a href=\"http:\/\/camtucuman.gob.ar\/documentos\/actas_antecedentes\/acta_antecedentes_208.pdf\" target=\"_blank\" rel=\"noopener noreferrer\">Acta de Evaluaci\u00f3n de Antecedentes del Concurso N\u00b0 208<\/a>&nbsp;(Vocal\u00eda de C\u00e1mara en lo Contencioso Administrativo Sala I de Capital).<\/li>\n<\/ul>\n<p><strong>Ponencias<\/strong>, ejemplo:<\/p>\n<ul>\n<li><a href=\"http:\/\/camtucuman.gob.ar\/documentos\/actas_antecedentes\/acta_antecedentes_208.pdf\" target=\"_blank\" rel=\"noopener noreferrer\">Acta de Evaluaci\u00f3n de Antecedentes del Concurso N\u00b0 208<\/a>&nbsp;(Vocal\u00eda de C\u00e1mara en lo Contencioso Administrativo Sala I de Capital).<\/li>\n<\/ul>\n<p><strong>Asistencia a cursos<\/strong>, ejemplo:<\/p>\n<ul>\n<li><a href=\"http:\/\/camtucuman.gob.ar\/documentos\/actas_antecedentes\/acta_antecedentes_188_189_190_191_192_193.pdf\" target=\"_blank\" rel=\"noopener noreferrer\">Acta de Evaluaci\u00f3n de Antecedentes de Concursos N\u00b0 188-193<\/a>&nbsp;(Jueces del Tribunal de Impugnaci\u00f3n de Capital).<\/li>\n<\/ul>\n<p><strong>Publicaciones e investigaci\u00f3n:<\/strong><\/p>\n<ul>\n<li>Libro, hasta 3 puntos por cada uno, ejemplo:&nbsp;<a href=\"http:\/\/camtucuman.gob.ar\/documentos\/actas_antecedentes\/acta_antecedentes_208.pdf\" target=\"_blank\" rel=\"noopener noreferrer\">Acta de Evaluaci\u00f3n de Antecedentes del Concurso N\u00b0 208<\/a>&nbsp;(Vocal\u00eda de C\u00e1mara en lo Contencioso Administrativo Sala I de Capital).<\/li>\n<li>Cap\u00edtulo de libro, hasta 1 punto por cada uno, ejemplo:&nbsp;<a href=\"http:\/\/camtucuman.gob.ar\/documentos\/actas_antecedentes\/acta_antecedentes_208.pdf\" target=\"_blank\" rel=\"noopener noreferrer\">Acta de Evaluaci\u00f3n de Antecedentes del Concurso N\u00b0 208<\/a>&nbsp;(Vocal\u00eda de C\u00e1mara en lo Contencioso Administrativo Sala I de Capital).<\/li>\n<li>Trabajos publicados, hasta 2 puntos&nbsp;<em>en total<\/em>, ejemplo:&nbsp;<a href=\"http:\/\/camtucuman.gob.ar\/documentos\/actas_antecedentes\/acta_antecedentes_208.pdf\" target=\"_blank\" rel=\"noopener noreferrer\">Acta de Evaluaci\u00f3n de Antecedentes del Concurso N\u00b0 208<\/a>&nbsp;(Vocal\u00eda de C\u00e1mara en lo Contencioso Administrativo Sala I de Capital).<\/li>\n<li>Proyectos de investigaci\u00f3n, hasta 2 puntos, ejemplo:&nbsp;<a href=\"http:\/\/camtucuman.gob.ar\/documentos\/actas_antecedentes\/acta_antecedentes_208.pdf\" target=\"_blank\" rel=\"noopener noreferrer\">Acta de Evaluaci\u00f3n de Antecedentes del Concurso N\u00b0 208<\/a>&nbsp;(Vocal\u00eda de C\u00e1mara en lo Contencioso Administrativo Sala I de Capital).<\/li>\n<li>Becas, hasta 2 puntos, ejemplo:&nbsp;<a href=\"http:\/\/camtucuman.gob.ar\/documentos\/actas_antecedentes\/acta_antecedentes_208.pdf\" target=\"_blank\" rel=\"noopener noreferrer\">Acta de Evaluaci\u00f3n de Antecedentes del Concurso N\u00b0 208<\/a>&nbsp;(Vocal\u00eda de C\u00e1mara en lo Contencioso Administrativo Sala I de Capital).<\/li>\n<\/ul>\n<p><strong>Magistratura Judicial o Funcionario Constituci\u00f3n en igual fuero, de 14 hasta 18 puntos,<\/strong>&nbsp;ejemplo:<\/p>\n<ul>\n<li><a href=\"http:\/\/camtucuman.gob.ar\/documentos\/actas_antecedentes\/acta_antecedentes_175.pdf\" target=\"_blank\" rel=\"noopener noreferrer\">Acta de Evaluaci\u00f3n de Antecedentes del Concurso N\u00b0 175<\/a>&nbsp;(Vocal\u00eda de C\u00e1mara de Apelaciones en lo Penal de Instrucci\u00f3n de Capital).<\/li>\n<\/ul>\n<p><strong>Magistratura Judicial o Funcionario Constituci\u00f3n en distinto fuero y Relatores de Corte, de 12 hasta 16 puntos,<\/strong>&nbsp;ejemplo:<\/p>\n<ul>\n<li><a href=\"http:\/\/camtucuman.gob.ar\/documentos\/actas_antecedentes\/acta_antecedentes_208.pdf\" target=\"_blank\" rel=\"noopener noreferrer\">Acta de Evaluaci\u00f3n de Antecedentes del Concurso N\u00b0 208<\/a>&nbsp;(Vocal\u00eda de C\u00e1mara en lo Contencioso Administrativo Sala I de Capital).<\/li>\n<\/ul>\n<p><strong>Profesi\u00f3n libre con antig\u00fcedad mayor a 10 a\u00f1os, de 14 hasta 18 puntos<\/strong>, ejemplo:<\/p>\n<ul>\n<li><a href=\"http:\/\/camtucuman.gob.ar\/documentos\/actas_antecedentes\/acta_antecedentes_209.pdf\" target=\"_blank\" rel=\"noopener noreferrer\">Acta de Evaluaci\u00f3n de Antecedentes del Concurso N\u00b0 209<\/a>&nbsp;(Vocal\u00eda de C\u00e1mara de Apelaciones del Trabajo Sala III de Capital).<\/li>\n<\/ul>\n<p><strong>Profesi\u00f3n libre con antig\u00fcedad menor a 10 a\u00f1os, de 8 hasta 16 puntos,<\/strong>&nbsp;ejemplo:<\/p>\n<ul>\n<li><a href=\"http:\/\/camtucuman.gob.ar\/documentos\/actas_antecedentes\/acta_antecedentes_197.pdf\" target=\"_blank\" rel=\"noopener noreferrer\">Acta de Evaluaci\u00f3n de Antecedentes del Concurso N\u00b0 197<\/a>&nbsp;(Fiscal\u00eda de Instrucci\u00f3n Penal V Nom. de Capital).<\/li>\n<\/ul>\n<p><strong>Funciones judiciales, de 9 hasta 15 puntos,&nbsp;<\/strong>ejemplo:<\/p>\n<ul>\n<li><a href=\"http:\/\/camtucuman.gob.ar\/documentos\/actas_antecedentes\/acta_antecedentes_197.pdf\" target=\"_blank\" rel=\"noopener noreferrer\">Acta de Evaluaci\u00f3n de Antecedentes del Concurso N\u00b0 197<\/a>&nbsp;(Fiscal\u00eda de Instrucci\u00f3n Penal V Nom. de Capital).<\/li>\n<\/ul>\n<p><strong>Funciones P\u00fablicas, de 6 hasta 10 puntos,<\/strong>&nbsp;ejemplos:<\/p>\n<ul>\n<li><a href=\"http:\/\/camtucuman.gob.ar\/documentos\/actas_antecedentes\/acta_antecedentes_185.pdf\" target=\"_blank\" rel=\"noopener noreferrer\">Acta de Evaluaci\u00f3n de Antecedentes del Concurso N\u00b0 185<\/a>&nbsp;(Juzgado de 1era. Instancia en lo Civil y Comercial Com\u00fam, VII\u00b0 Nom. de Capital).<\/li>\n<li><a href=\"http:\/\/camtucuman.gob.ar\/documentos\/actas_antecedentes\/acta_antecedentes_208.pdf\" target=\"_blank\" rel=\"noopener noreferrer\">Acta de Evaluaci\u00f3n de Antecedentes del Concurso N\u00b0 208<\/a>&nbsp;(Vocal\u00eda de C\u00e1mara en lo Contencioso Administrativo Sala I de Capital).<\/li>\n<\/ul>\n<p><strong>Otras funciones judiciales hasta 8 puntos<\/strong>, ejemplos:<\/p>\n<ul>\n<li><a href=\"http:\/\/camtucuman.gob.ar\/documentos\/actas_antecedentes\/acta_antecedentes_132.pdf\" target=\"_blank\" rel=\"noopener noreferrer\">Acta de Evaluaci\u00f3n de Antecedentes del Concurso N\u00b0 132<\/a>&nbsp;(Juzgado de 1era. Instancia en lo Civil en Familia y Sucesiones de Concepci\u00f3n).<\/li>\n<li><a href=\"http:\/\/camtucuman.gob.ar\/documentos\/actas_antecedentes\/acta_antecedentes_197.pdf\" target=\"_blank\" rel=\"noopener noreferrer\">Acta de Evaluaci\u00f3n de Antecedentes del Concurso N\u00b0 197<\/a>&nbsp;(Fiscal\u00eda de Instrucci\u00f3n Penal V Nom. de Capital).<\/li>\n<li><a href=\"http:\/\/camtucuman.gob.ar\/documentos\/actas_antecedentes\/acta_antecedentes_183.pdf\" target=\"_blank\" rel=\"noopener noreferrer\">Acta de Evaluaci\u00f3n de Antecedentes del Concurso N\u00b0 183<\/a>&nbsp;(Juzgado de Instrucci\u00f3n Penal IV Nom. de Capital).<\/li>\n<\/ul>\n<p><strong>Hasta 3 puntos,<\/strong>&nbsp;ejemplos:<\/p>\n<ul>\n<li><a href=\"http:\/\/camtucuman.gob.ar\/documentos\/actas_antecedentes\/acta_antecedentes_205.pdf\" target=\"_blank\" rel=\"noopener noreferrer\">Acta de Evaluaci\u00f3n de Antecedentes del Concurso N\u00b0 205<\/a>&nbsp;(Juzgado de Primera Instancia en lo Contencioso Administrativo de Capital).<\/li>\n<li><a href=\"http:\/\/camtucuman.gob.ar\/documentos\/acuerdos\/acuerdo_2019_237.pdf\" target=\"_blank\" rel=\"noopener noreferrer\">Acuerdo de Impugnaci\u00f3n N\u00b0 237\/2019<\/a>&nbsp;del Concurso N\u00b0 184 (Fiscal\u00eda de Instrucci\u00f3n Penal X\u00b0 Nom. de Capital).<\/li>\n<li><a href=\"http:\/\/camtucuman.gob.ar\/documentos\/acuerdos\/acuerdo_2019_96.pdf\" target=\"_blank\" rel=\"noopener noreferrer\">Acuerdo de Impugnaci\u00f3n N\u00b0 96\/2019<\/a>&nbsp;del Concurso N\u00b0 185 (Juzgado de Primera Instancia en lo Civil y Comercial Com\u00fan, VII\u00b0 Nom. de Capital).<\/li>\n<\/ul>\n<p><strong>Hasta 3 puntos,<\/strong>&nbsp;ejemplos:<\/p>\n<ul>\n<li><a href=\"http:\/\/camtucuman.gob.ar\/documentos\/actas_antecedentes\/acta_antecedentes_208.pdf\" target=\"_blank\" rel=\"noopener noreferrer\">Acta de Evaluaci\u00f3n de Antecedentes del Concurso N\u00b0 208<\/a>&nbsp;(Vocal\u00eda de C\u00e1mara en lo Contencioso Administrativo Sala I de Capital).<\/li>\n<li><a href=\"http:\/\/camtucuman.gob.ar\/documentos\/actas_antecedentes\/acta_antecedentes_211.pdf\" target=\"_blank\" rel=\"noopener noreferrer\">Acta de Evaluaci\u00f3n de Antecedentes del Concurso N\u00b0 211<\/a>&nbsp;(Vocal\u00eda de C\u00e1mara de Apelaciones en Documentos y Locaciones de la Sala II de Capital).<\/li>\n<\/ul>\n<\/div>\n<\/div>\n<\/div>\n<\/div>\n<\/div>\n<\/div>\n<\/div>\n<\/div>\n<p>[\/vc_column_text][\/vc_column][\/vc_row]<\/p>\n","protected":false},"excerpt":{"rendered":"<p>[vc_row][vc_column][\/vc_column][\/vc_row][vc_row][vc_column][vc_column_text] Leyes y Reglamento Interno Reglamento Interno del CAM. Ley n\u00b08.197 \u2013 creaci\u00f3n del CAM (texto consolidado con el Digesto Jur\u00eddico ley 9924 publicado en Bolet\u00edn Oficial 17\/10\/2025). Criterios para evaluaci\u00f3n de antecedentes T\u00edtulo de Doctor de 5 hasta 8 puntos,&nbsp;ejemplos: Acta de Evaluaci\u00f3n de Antecedentes del Concurso N\u00b0 144&nbsp;(Vocal\u00eda de C\u00e1mara de Apelaciones en&hellip;<\/p>\n","protected":false},"author":1,"featured_media":0,"parent":0,"menu_order":0,"comment_status":"closed","ping_status":"closed","template":"","meta":{"ngg_post_thumbnail":0,"footnotes":""},"class_list":["post-641","page","type-page","status-publish","hentry","description-off"],"_links":{"self":[{"href":"https:\/\/camtucuman.gob.ar\/accesible\/wp-json\/wp\/v2\/pages\/641","targetHints":{"allow":["GET"]}}],"collection":[{"href":"https:\/\/camtucuman.gob.ar\/accesible\/wp-json\/wp\/v2\/pages"}],"about":[{"href":"https:\/\/camtucuman.gob.ar\/accesible\/wp-json\/wp\/v2\/types\/page"}],"author":[{"embeddable":true,"href":"https:\/\/camtucuman.gob.ar\/accesible\/wp-json\/wp\/v2\/users\/1"}],"replies":[{"embeddable":true,"href":"https:\/\/camtucuman.gob.ar\/accesible\/wp-json\/wp\/v2\/comments?post=641"}],"version-history":[{"count":11,"href":"https:\/\/camtucuman.gob.ar\/accesible\/wp-json\/wp\/v2\/pages\/641\/revisions"}],"predecessor-version":[{"id":1838,"href":"https:\/\/camtucuman.gob.ar\/accesible\/wp-json\/wp\/v2\/pages\/641\/revisions\/1838"}],"wp:attachment":[{"href":"https:\/\/camtucuman.gob.ar\/accesible\/wp-json\/wp\/v2\/media?parent=641"}],"curies":[{"name":"wp","href":"https:\/\/api.w.org\/{rel}","templated":true}]}}