{"id":415,"date":"2015-10-23T18:57:49","date_gmt":"2015-10-23T18:57:49","guid":{"rendered":"http:\/\/escuelacamtucuman.gob.ar\/democam\/?page_id=2"},"modified":"2022-10-27T13:23:12","modified_gmt":"2022-10-27T13:23:12","slug":"contacto","status":"publish","type":"page","link":"https:\/\/camtucuman.gob.ar\/accesible\/contacto\/","title":{"rendered":"Contacto"},"content":{"rendered":"\n<div class=\"wpcf7 no-js\" id=\"wpcf7-f609-o1\" lang=\"es-ES\" dir=\"ltr\" data-wpcf7-id=\"609\">\n<div class=\"screen-reader-response\"><p role=\"status\" aria-live=\"polite\" aria-atomic=\"true\"><\/p> <ul><\/ul><\/div>\n<form action=\"\/accesible\/wp-json\/wp\/v2\/pages\/415#wpcf7-f609-o1\" method=\"post\" class=\"wpcf7-form init\" aria-label=\"Formulario de contacto\" novalidate=\"novalidate\" data-status=\"init\">\n<fieldset class=\"hidden-fields-container\"><input type=\"hidden\" name=\"_wpcf7\" value=\"609\" \/><input type=\"hidden\" name=\"_wpcf7_version\" value=\"6.1.4\" \/><input type=\"hidden\" name=\"_wpcf7_locale\" value=\"es_ES\" \/><input type=\"hidden\" name=\"_wpcf7_unit_tag\" value=\"wpcf7-f609-o1\" \/><input type=\"hidden\" name=\"_wpcf7_container_post\" value=\"0\" \/><input type=\"hidden\" name=\"_wpcf7_posted_data_hash\" value=\"\" \/>\n<\/fieldset>\n<p>Nombre (requerido)\n<\/p>\n<p><span class=\"wpcf7-form-control-wrap\" data-name=\"your-name\"><input size=\"40\" maxlength=\"400\" class=\"wpcf7-form-control wpcf7-text wpcf7-validates-as-required\" aria-required=\"true\" aria-invalid=\"false\" value=\"\" type=\"text\" name=\"your-name\" \/><\/span>\n<\/p>\n<p>Correo electr\u00f3nico (requerido)\n<\/p>\n<p><span class=\"wpcf7-form-control-wrap\" data-name=\"your-email\"><input size=\"40\" maxlength=\"400\" class=\"wpcf7-form-control wpcf7-email wpcf7-validates-as-required wpcf7-text wpcf7-validates-as-email\" aria-required=\"true\" aria-invalid=\"false\" value=\"\" type=\"email\" name=\"your-email\" \/><\/span>\n<\/p>\n<p>Asunto\n<\/p>\n<p><span class=\"wpcf7-form-control-wrap\" data-name=\"your-subject\"><input size=\"40\" maxlength=\"400\" class=\"wpcf7-form-control wpcf7-text\" aria-invalid=\"false\" value=\"\" type=\"text\" name=\"your-subject\" \/><\/span>\n<\/p>\n<p>Mensaje\n<\/p>\n<p><span class=\"wpcf7-form-control-wrap\" data-name=\"your-message\"><textarea cols=\"40\" rows=\"10\" maxlength=\"2000\" class=\"wpcf7-form-control wpcf7-textarea\" aria-invalid=\"false\" name=\"your-message\"><\/textarea><\/span>\n<\/p>\n<p><input class=\"wpcf7-form-control wpcf7-submit has-spinner\" type=\"submit\" value=\"Enviar\" \/>\n<\/p><input type='hidden' class='wpcf7-pum' value='{\"closepopup\":false,\"closedelay\":0,\"openpopup\":false,\"openpopup_id\":0}' \/><div class=\"wpcf7-response-output\" aria-hidden=\"true\"><\/div>\n<\/form>\n<\/div>\n\n<p>&nbsp;<\/p>\n<p><strong>Nueva Direcci\u00f3n<\/strong>:<em>&nbsp;calle Congreso 361, San Miguel de Tucum\u00e1n, Tucum\u00e1n, CP 4000.<\/em><br \/>\n<strong>Tel\u00e9fono<\/strong>:&nbsp;<em>(0381) 231-8362, opci\u00f3n 1.<\/em><br \/>\n<strong>Mails<\/strong>:&nbsp;<em>cam@justucuman.gov.ar \u2013 camtucuman@yahoo.com.ar<\/em><br \/>\n<strong>Sitio Web<\/strong>:<em>&nbsp;www.camtucuman.gob.ar<\/em><\/p>\n<p>&nbsp;<\/p>\n","protected":false},"excerpt":{"rendered":"<p>&nbsp; Nueva Direcci\u00f3n:&nbsp;calle Congreso 361, San Miguel de Tucum\u00e1n, Tucum\u00e1n, CP 4000. Tel\u00e9fono:&nbsp;(0381) 231-8362, opci\u00f3n 1. Mails:&nbsp;cam@justucuman.gov.ar \u2013 camtucuman@yahoo.com.ar Sitio Web:&nbsp;www.camtucuman.gob.ar &nbsp;<\/p>\n","protected":false},"author":1,"featured_media":0,"parent":0,"menu_order":0,"comment_status":"closed","ping_status":"open","template":"","meta":{"ngg_post_thumbnail":0,"footnotes":""},"class_list":["post-415","page","type-page","status-publish","hentry","description-off"],"_links":{"self":[{"href":"https:\/\/camtucuman.gob.ar\/accesible\/wp-json\/wp\/v2\/pages\/415","targetHints":{"allow":["GET"]}}],"collection":[{"href":"https:\/\/camtucuman.gob.ar\/accesible\/wp-json\/wp\/v2\/pages"}],"about":[{"href":"https:\/\/camtucuman.gob.ar\/accesible\/wp-json\/wp\/v2\/types\/page"}],"author":[{"embeddable":true,"href":"https:\/\/camtucuman.gob.ar\/accesible\/wp-json\/wp\/v2\/users\/1"}],"replies":[{"embeddable":true,"href":"https:\/\/camtucuman.gob.ar\/accesible\/wp-json\/wp\/v2\/comments?post=415"}],"version-history":[{"count":2,"href":"https:\/\/camtucuman.gob.ar\/accesible\/wp-json\/wp\/v2\/pages\/415\/revisions"}],"predecessor-version":[{"id":1468,"href":"https:\/\/camtucuman.gob.ar\/accesible\/wp-json\/wp\/v2\/pages\/415\/revisions\/1468"}],"wp:attachment":[{"href":"https:\/\/camtucuman.gob.ar\/accesible\/wp-json\/wp\/v2\/media?parent=415"}],"curies":[{"name":"wp","href":"https:\/\/api.w.org\/{rel}","templated":true}]}}