{"id":399,"date":"2016-06-15T15:29:37","date_gmt":"2016-06-15T15:29:37","guid":{"rendered":"http:\/\/escuelacamtucuman.gob.ar\/democam\/?page_id=399"},"modified":"2026-03-20T15:48:36","modified_gmt":"2026-03-20T15:48:36","slug":"memorias","status":"publish","type":"page","link":"https:\/\/camtucuman.gob.ar\/accesible\/memorias\/","title":{"rendered":"Memorias"},"content":{"rendered":"<p>[vc_row][vc_column width=\u00bb3\/4&#8243;][vc_column_text]<\/p>\n<ul>\n<li><a href=\"https:\/\/camtucuman.gob.ar\/documentos\/memorias\/memoria_2009_2011.pdf\" target=\"_blank\" rel=\"noopener noreferrer\">Memoria bianual a\u00f1os 2009-2011<\/a><\/li>\n<li><a href=\"https:\/\/camtucuman.gob.ar\/documentos\/memorias\/memoria_2010.pdf\" target=\"_blank\" rel=\"noopener noreferrer\">Memoria a\u00f1o 2010<\/a><\/li>\n<li><a href=\"https:\/\/camtucuman.gob.ar\/documentos\/memorias\/memoria_2012.pdf\" target=\"_blank\" rel=\"noopener noreferrer\">Memoria a\u00f1o 2012<\/a><\/li>\n<li><a href=\"https:\/\/camtucuman.gob.ar\/documentos\/memorias\/memoria_2013.pdf\" target=\"_blank\" rel=\"noopener noreferrer\">Memoria a\u00f1o 2013<\/a><\/li>\n<li><a href=\"https:\/\/camtucuman.gob.ar\/documentos\/memorias\/memoria_2014.pdf\" target=\"_blank\" rel=\"noopener noreferrer\">Memoria a\u00f1o 2014<\/a><\/li>\n<li><a href=\"https:\/\/camtucuman.gob.ar\/documentos\/memorias\/memoria_2015.pdf\" target=\"_blank\" rel=\"noopener noreferrer\">Memoria a\u00f1o 2015<\/a><\/li>\n<li><a href=\"https:\/\/camtucuman.gob.ar\/documentos\/memorias\/memoria_2016.pdf\" target=\"_blank\" rel=\"noopener noreferrer\">Memoria a\u00f1o 2016<\/a><\/li>\n<li><a href=\"https:\/\/camtucuman.gob.ar\/documentos\/memorias\/memoria_informe_2015-2017.pdf\" target=\"_blank\" rel=\"noopener noreferrer\">Informe de gesti\u00f3n 2015-2017<\/a><\/li>\n<li><a href=\"https:\/\/camtucuman.gob.ar\/documentos\/memorias\/memoria_2018.pdf\" target=\"_blank\" rel=\"noopener noreferrer\">Memoria a\u00f1o 2018<\/a><\/li>\n<li><a href=\"https:\/\/camtucuman.gob.ar\/documentos\/memorias\/memoria_2019.pdf\" target=\"_blank\" rel=\"noopener noreferrer\">Memoria a\u00f1o 2019<\/a><\/li>\n<li><a href=\"https:\/\/camtucuman.gob.ar\/documentos\/memorias\/memoria_2020.pdf\" target=\"_blank\" rel=\"noopener noreferrer\">Memoria a\u00f1o 2020<\/a><\/li>\n<li><a href=\"https:\/\/youtu.be\/jwFVJrrFPEk\" target=\"_blank\" rel=\"noopener\">Video de cierre de gesti\u00f3n 2019-2021<\/a><\/li>\n<li><a href=\"https:\/\/camtucuman.gob.ar\/documentos\/memorias\/memoria_2022.pdf\" target=\"_blank\" rel=\"noopener\">Reporte de productividad 2022<\/a><\/li>\n<li><a href=\"https:\/\/camtucuman.gob.ar\/documentos\/memorias\/memoria_2023.pdf\" target=\"_blank\" rel=\"noopener\">Reporte de productividad 2021-2023<\/a><\/li>\n<li><a href=\"https:\/\/camtucuman.gob.ar\/documentos\/memorias\/memoria_2024.pdf\" target=\"_blank\" rel=\"noopener\">Reporte anual 2024.<\/a><\/li>\n<li><a href=\"https:\/\/camtucuman.gob.ar\/documentos\/memorias\/memoria_reporte_2023-2025.pdf\" target=\"_blank\" rel=\"noopener\">Reporte bianual 2023-2025<\/a>.<\/li>\n<\/ul>\n<p>[\/vc_column_text][\/vc_column][\/vc_row]<\/p>\n","protected":false},"excerpt":{"rendered":"<p>[vc_row][vc_column width=\u00bb3\/4&#8243;][vc_column_text] Memoria bianual a\u00f1os 2009-2011 Memoria a\u00f1o 2010 Memoria a\u00f1o 2012 Memoria a\u00f1o 2013 Memoria a\u00f1o 2014 Memoria a\u00f1o 2015 Memoria a\u00f1o 2016 Informe de gesti\u00f3n 2015-2017 Memoria a\u00f1o 2018 Memoria a\u00f1o 2019 Memoria a\u00f1o 2020 Video de cierre de gesti\u00f3n 2019-2021 Reporte de productividad 2022 Reporte de productividad 2021-2023 Reporte anual 2024. Reporte&hellip;<\/p>\n","protected":false},"author":1,"featured_media":0,"parent":0,"menu_order":0,"comment_status":"closed","ping_status":"closed","template":"","meta":{"ngg_post_thumbnail":0,"footnotes":""},"class_list":["post-399","page","type-page","status-publish","hentry","description-off"],"_links":{"self":[{"href":"https:\/\/camtucuman.gob.ar\/accesible\/wp-json\/wp\/v2\/pages\/399","targetHints":{"allow":["GET"]}}],"collection":[{"href":"https:\/\/camtucuman.gob.ar\/accesible\/wp-json\/wp\/v2\/pages"}],"about":[{"href":"https:\/\/camtucuman.gob.ar\/accesible\/wp-json\/wp\/v2\/types\/page"}],"author":[{"embeddable":true,"href":"https:\/\/camtucuman.gob.ar\/accesible\/wp-json\/wp\/v2\/users\/1"}],"replies":[{"embeddable":true,"href":"https:\/\/camtucuman.gob.ar\/accesible\/wp-json\/wp\/v2\/comments?post=399"}],"version-history":[{"count":10,"href":"https:\/\/camtucuman.gob.ar\/accesible\/wp-json\/wp\/v2\/pages\/399\/revisions"}],"predecessor-version":[{"id":1841,"href":"https:\/\/camtucuman.gob.ar\/accesible\/wp-json\/wp\/v2\/pages\/399\/revisions\/1841"}],"wp:attachment":[{"href":"https:\/\/camtucuman.gob.ar\/accesible\/wp-json\/wp\/v2\/media?parent=399"}],"curies":[{"name":"wp","href":"https:\/\/api.w.org\/{rel}","templated":true}]}}