{"id":339,"date":"2016-06-10T12:58:57","date_gmt":"2016-06-10T12:58:57","guid":{"rendered":"http:\/\/escuelacamtucuman.gob.ar\/democam\/?page_id=339"},"modified":"2024-01-03T12:38:42","modified_gmt":"2024-01-03T12:38:42","slug":"quienes-somos","status":"publish","type":"page","link":"https:\/\/camtucuman.gob.ar\/accesible\/quienes-somos\/","title":{"rendered":"Qui\u00e9nes somos"},"content":{"rendered":"<p>[vc_row][vc_column][vc_column_text]<\/p>\n<h3>El Consejo Asesor de la Magistratura de Tucum\u00e1n (CAM) se instituye en la provincia desde el 30 de octubre de 2009, incorporado en el ordenamiento p\u00fablico local a partir del art. 101 Inc. 5\u00b0 de la Constituci\u00f3n Provincial y reglamentado por la&nbsp;<a href=\"http:\/\/camtucuman.gob.ar\/documentos\/Ley_8197_CAM.pdf\" target=\"_blank\" rel=\"noopener noreferrer\">ley 8.197<\/a>. La creaci\u00f3n del CAM surge como respuesta al deseo de la comunidad tucumana de contar con una justicia de excelencia.<\/h3>\n<h3 class=\"para-style-title\">La competencia de esta instituci\u00f3n radica en la selecci\u00f3n de los\/as candidatos\/as a magistrados\/as de primera y segunda instancia e integrantes de los ministerios p\u00fablicos m\u00e1s capacitados. Esto se logra mediante un proceso de concurso p\u00fablico que consiste en examen escrito de oposici\u00f3n, evaluaci\u00f3n de antecedentes y entrevistas ante el Consejo.<\/h3>\n<h3 class=\"para-style-title\">La preselecci\u00f3n que realiza el CAM finaliza con la remisi\u00f3n al Poder Ejecutivo Provincial de la terna de mejores candidatos\/as. Ser\u00e1 el\/la gobernador\/a quien elegir\u00e1 a la persona a desempe\u00f1arse en el cargo que fuera llamado a concurso, remitiendo luego el pedido de acuerdo a la H. Legislatura de Tucum\u00e1n.<\/h3>\n<h3 class=\"para-style-title\">A ra\u00edz de un proceso de debate social se entendi\u00f3 que la organizaci\u00f3n y el procedimiento para designar magistrados\/as son cuestiones fundamentales en el sistema republicano puesto que, en gran medida, de ello depende la independencia del Poder Judicial. Pero adem\u00e1s del requisito de autonom\u00eda personal de jueces, fiscales y defensores, la sociedad exige de estos funcionarios un conocimiento t\u00e9cnico que permita administrar con eficiencia e idoneidad el destino de las personas y la propiedad, de modo que se garanticen para todos\/as reglas claras, previsibilidad y equidad.<\/h3>\n<h3>El Consejo Asesor de la Magistratura se compone de&nbsp;<a href=\"https:\/\/camtucuman.gob.ar\/accesible\/autoridades\/\" target=\"_blank\" rel=\"noopener noreferrer\">representantes<\/a>&nbsp;del Poder Judicial (Corte Suprema de Justicia y Magistrados o Ministerio P\u00fablico de primera o segunda instancia de los Centros Judiciales de Capital, Concepci\u00f3n y Monteros), del Poder Legislativo (Legisladores por la mayor\u00eda y minor\u00eda parlamentaria) y de los\/as abogados\/as de la matr\u00edcula de capital y del sur de la provincia. La participaci\u00f3n de todos los estamentos y de la&nbsp;<a href=\"http:\/\/camtucuman.gob.ar\/participacion-ciudadana\/\" target=\"_blank\" rel=\"noopener noreferrer\">ciudadan\u00eda<\/a>&nbsp;aporta diferentes miradas que apuntan a un objetivo com\u00fan: dotar al Poder Judicial de idoneidad y excelencia en capital humano para el desempe\u00f1o de una de las m\u00e1s altas responsabilidades p\u00fablicas, la administraci\u00f3n de justicia. Mucho es lo que falta por hacer y seguramente el futuro permitir\u00e1 enriquecer, mejorar y perfeccionar lo realizado, fortaleciendo nuestra democracia y nuestras instituciones.<\/h3>\n<p>&nbsp;[\/vc_column_text][\/vc_column][\/vc_row]<\/p>\n","protected":false},"excerpt":{"rendered":"<p>[vc_row][vc_column][vc_column_text] El Consejo Asesor de la Magistratura de Tucum\u00e1n (CAM) se instituye en la provincia desde el 30 de octubre de 2009, incorporado en el ordenamiento p\u00fablico local a partir del art. 101 Inc. 5\u00b0 de la Constituci\u00f3n Provincial y reglamentado por la&nbsp;ley 8.197. La creaci\u00f3n del CAM surge como respuesta al deseo de la&hellip;<\/p>\n","protected":false},"author":1,"featured_media":0,"parent":0,"menu_order":0,"comment_status":"closed","ping_status":"closed","template":"","meta":{"ngg_post_thumbnail":0,"footnotes":""},"class_list":["post-339","page","type-page","status-publish","hentry","description-off"],"_links":{"self":[{"href":"https:\/\/camtucuman.gob.ar\/accesible\/wp-json\/wp\/v2\/pages\/339","targetHints":{"allow":["GET"]}}],"collection":[{"href":"https:\/\/camtucuman.gob.ar\/accesible\/wp-json\/wp\/v2\/pages"}],"about":[{"href":"https:\/\/camtucuman.gob.ar\/accesible\/wp-json\/wp\/v2\/types\/page"}],"author":[{"embeddable":true,"href":"https:\/\/camtucuman.gob.ar\/accesible\/wp-json\/wp\/v2\/users\/1"}],"replies":[{"embeddable":true,"href":"https:\/\/camtucuman.gob.ar\/accesible\/wp-json\/wp\/v2\/comments?post=339"}],"version-history":[{"count":6,"href":"https:\/\/camtucuman.gob.ar\/accesible\/wp-json\/wp\/v2\/pages\/339\/revisions"}],"predecessor-version":[{"id":1768,"href":"https:\/\/camtucuman.gob.ar\/accesible\/wp-json\/wp\/v2\/pages\/339\/revisions\/1768"}],"wp:attachment":[{"href":"https:\/\/camtucuman.gob.ar\/accesible\/wp-json\/wp\/v2\/media?parent=339"}],"curies":[{"name":"wp","href":"https:\/\/api.w.org\/{rel}","templated":true}]}}