{"id":19,"date":"2015-11-03T19:37:53","date_gmt":"2015-11-03T19:37:53","guid":{"rendered":"http:\/\/escuelacamtucuman.gob.ar\/democam\/?page_id=19"},"modified":"2022-10-27T13:18:18","modified_gmt":"2022-10-27T13:18:18","slug":"relaciones-institucionales","status":"publish","type":"page","link":"https:\/\/camtucuman.gob.ar\/accesible\/relaciones-institucionales\/","title":{"rendered":"Relaciones Institucionales"},"content":{"rendered":"<p>El Consejo Asesor de la Magistratura lleva a cabo diversas acciones para su consolidaci\u00f3n a nivel interinstitucional, forjando v\u00ednculos otros organismos que comparten prop\u00f3sitos similares. En primer lugar, el CAM mantiene una estrecha relaci\u00f3n con el Poder Judicial de Tucum\u00e1n, dotando al mismo de los profesionales id\u00f3neos m\u00e1s capacitados para la tarea de administrar justicia, a trav\u00e9s de los procesos de concursos de oposici\u00f3n y antecedentes. De la misma manera, a lo largo del proceso, el CAM se relaciona con los Poderes Legislativo y Ejecutivo, y con las colegiaturas de abogados.<\/p>\n<p>Por otro lado, el CAM Tucum\u00e1n trabaja constantemente en sus v\u00ednculos con otras instituciones, como el FOFECMA (Foro Federal de Consejos de la Magistratura y Jurados de Enjuiciamiento), con el Consejo de la Magistratura de la Naci\u00f3n, con el Consejo de la Magistratura de la Ciudad Aut\u00f3noma de Buenos Aires y con los consejos de otras provincias, intercambiando informaci\u00f3n y experiencias en la materia.<\/p>\n<h3 style=\"text-align: center\">Enlaces de inter\u00e9s<\/h3>\n<p style=\"text-align: center\"><a href=\"http:\/\/www.consejomagistratura.gov.ar\/\" target=\"_blank\" rel=\"noopener noreferrer\"><span style=\"text-decoration: underline\">Consejo de la Magistratura del Poder Judicial de la Naci\u00f3n<\/span><\/a><\/p>\n<p style=\"text-align: center\"><a href=\"http:\/\/fofecma.org\/\" target=\"_blank\" rel=\"noopener noreferrer\"><span style=\"text-decoration: underline\">Foro Federal de Consejos de la Magistratura y Jurados de Enjuiciamiento de la Rep\u00fablica Argentina<\/span><\/a><\/p>\n<p style=\"text-align: center\"><a href=\"http:\/\/www.jufejus.org.ar\/\" target=\"_blank\" rel=\"noopener noreferrer\"><span style=\"text-decoration: underline\">Junta Federal de Cortes y Superiores Tribunales de Justicia de las Provincias Argentinas y Ciudad Aut\u00f3noma de Buenos Aires<\/span><\/a><\/p>\n<p style=\"text-align: center\"><a href=\"https:\/\/www.justucuman.gov.ar\/\" target=\"_blank\" rel=\"noopener noreferrer\"><span style=\"text-decoration: underline\">Poder Judicial de Tucum\u00e1n<\/span><\/a><\/p>\n<p style=\"text-align: center\"><a href=\"http:\/\/www.colegioabogadostuc.org.ar\/\" target=\"_blank\" rel=\"noopener noreferrer\"><span style=\"text-decoration: underline\">Colegio de Abogados de Tucum\u00e1n<\/span><\/a><\/p>\n<p style=\"text-align: center\"><a href=\"https:\/\/www.facebook.com\/ColegioDeAbogadosDelSur\/?fref=ts\" target=\"_blank\" rel=\"noopener noreferrer\"><span style=\"text-decoration: underline\">Colegio de Abogados del Sur<\/span><\/a><\/p>\n<p style=\"text-align: center\"><a href=\"http:\/\/www.tucuman.gov.ar\/\" target=\"_blank\" rel=\"noopener noreferrer\"><span style=\"text-decoration: underline\">Gobierno de Tucum\u00e1n<\/span><\/a><\/p>\n<p style=\"text-align: center\"><a href=\"http:\/\/www.csjn.gov.ar\/\" target=\"_blank\" rel=\"noopener noreferrer\"><span style=\"text-decoration: underline\">Corte Suprema de Justicia de la Naci\u00f3n Argentina<\/span><\/a><\/p>\n<h3 style=\"text-align: center\">Convenios Interinstitucionales<\/h3>\n<ul>\n<li><span style=\"text-decoration: underline\"><a href=\"http:\/\/camtucuman.gob.ar\/documentos\/convenios\/consejo_magistratura_nacion_marco.pdf\" target=\"_blank\" rel=\"noopener noreferrer\">Consejo de la Magistratura del Poder Judicial de la Naci\u00f3n<\/a><\/span><\/li>\n<li><span style=\"text-decoration: underline\"><a href=\"http:\/\/camtucuman.gob.ar\/documentos\/convenios\/jufejus.pdf\" target=\"_blank\" rel=\"noopener noreferrer\">Junta Federal de Cortes y Superiores Tribunales de Justicia de las Provincias Argentinas y Ciudad Aut\u00f3noma de Buenos Aires.<\/a><\/span><\/li>\n<li><span style=\"text-decoration: underline\"><a href=\"http:\/\/camtucuman.gob.ar\/documentos\/convenios\/baltasar_garzon.pdf\" target=\"_blank\" rel=\"noopener noreferrer\">Fundaci\u00f3n Internacional Baltasar Garz\u00f3n<\/a><\/span><\/li>\n<li><span style=\"text-decoration: underline\"><a href=\"http:\/\/camtucuman.gob.ar\/documentos\/convenios\/esj_ministerio_publico_nacion.pdf\" target=\"_blank\" rel=\"noopener noreferrer\">Escuela del Servicio de Justicia del Ministerio P\u00fablico de la Naci\u00f3n<\/a><\/span><\/li>\n<li><span style=\"text-decoration: underline\"><a href=\"http:\/\/camtucuman.gob.ar\/documentos\/convenios\/colegio_abogados_sur.pdf\" target=\"_blank\" rel=\"noopener noreferrer\">Colegio de Abogados del Sur<\/a><\/span><\/li>\n<li><span style=\"text-decoration: underline\"><a href=\"http:\/\/camtucuman.gob.ar\/documentos\/convenios\/colegio_abogados_tucuman.pdf\" target=\"_blank\" rel=\"noopener noreferrer\">Colegio de Abogados de Tucum\u00e1n<\/a><\/span><\/li>\n<li><span style=\"text-decoration: underline\"><a href=\"http:\/\/camtucuman.gob.ar\/documentos\/convenios\/tecnologica_marco.pdf\" target=\"_blank\" rel=\"noopener noreferrer\">Universidad Tecnol\u00f3gica Nacional, Facultad Regional Tucum\u00e1n<\/a><\/span><\/li>\n<li><span style=\"text-decoration: underline\"><a href=\"http:\/\/camtucuman.gob.ar\/documentos\/convenios\/conicet.pdf\" target=\"_blank\" rel=\"noopener noreferrer\">Consejo Nacional de Investigaciones&nbsp;Cient\u00edficas y T\u00e9cnicas<\/a><\/span><\/li>\n<li><span style=\"text-decoration: underline\"><a href=\"http:\/\/camtucuman.gob.ar\/documentos\/convenios\/universidad_hurtado_chile.pdf\" target=\"_blank\" rel=\"noopener noreferrer\">Universidad Alberto Hurtado (Rep\u00fablica de Chile)<\/a><\/span><\/li>\n<li><span style=\"text-decoration: underline\"><a href=\"http:\/\/camtucuman.gob.ar\/documentos\/convenios\/tribunal_de_cuentas.pdf\" target=\"_blank\" rel=\"noopener noreferrer\">Honorable Tribunal de Cuentas de la Provincia<\/a><\/span><\/li>\n<li><span style=\"text-decoration: underline\"><a href=\"http:\/\/camtucuman.gob.ar\/documentos\/convenios\/universidad_lanus.pdf\" target=\"_blank\" rel=\"noopener noreferrer\">Universidad Nacional de Lan\u00fas<\/a><\/span><\/li>\n<li><span style=\"text-decoration: underline\"><a href=\"http:\/\/camtucuman.gob.ar\/documentos\/convenios\/consejo_magistratura_caba.pdf\" target=\"_blank\" rel=\"noopener noreferrer\">Consejo de la Magistratura de la Ciudad Aut\u00f3noma de Buenos Aires<\/a><\/span><\/li>\n<li><span style=\"text-decoration: underline\"><a href=\"http:\/\/camtucuman.gob.ar\/documentos\/convenios\/municipalidad_smt.pdf\" target=\"_blank\" rel=\"noopener noreferrer\">Municipalidad de San Miguel de Tucum\u00e1n<\/a><\/span><\/li>\n<li><span style=\"text-decoration: underline\"><a href=\"http:\/\/camtucuman.gob.ar\/documentos\/convenios\/universidad_san_pablo_t.pdf\" target=\"_blank\" rel=\"noopener noreferrer\">Universidad de San Pablo Tucum\u00e1n<\/a><\/span><\/li>\n<li><span style=\"text-decoration: underline\"><a href=\"http:\/\/camtucuman.gob.ar\/documentos\/convenios\/centro_ana_frank.pdf\" target=\"_blank\" rel=\"noopener noreferrer\">Centro Ana Frank Argentina<\/a><\/span><\/li>\n<li><span style=\"text-decoration: underline\"><a href=\"http:\/\/camtucuman.gob.ar\/documentos\/convenios\/republica_dominicana.pdf\" target=\"_blank\" rel=\"noopener noreferrer\">Escuela Nacional de la Judicatura de Rep\u00fablica Dominicana<\/a><\/span><\/li>\n<li><span style=\"text-decoration: underline\"><a href=\"http:\/\/camtucuman.gob.ar\/documentos\/convenios\/ministerio_defensa.pdf\" target=\"_blank\" rel=\"noopener noreferrer\">Ministerio P\u00fablico de la Defensa, Defensor\u00eda General de la Naci\u00f3n<\/a><\/span><\/li>\n<li><span style=\"text-decoration: underline\"><a href=\"http:\/\/camtucuman.gob.ar\/documentos\/convenios\/unsta.pdf\" target=\"_blank\" rel=\"noopener noreferrer\">Universidad del Norte Santo Tom\u00e1s de Aquino<\/a><\/span><\/li>\n<li><span style=\"text-decoration: underline\"><a href=\"http:\/\/camtucuman.gob.ar\/documentos\/convenios\/escuela_gobierno.pdf\" target=\"_blank\" rel=\"noopener noreferrer\">Escuela de Gobierno de la Provincia de Tucum\u00e1n<\/a><\/span><\/li>\n<li><span style=\"text-decoration: underline\"><a href=\"http:\/\/camtucuman.gob.ar\/documentos\/convenios\/escuela_abogados_estado.pdf\" target=\"_blank\" rel=\"noopener noreferrer\">Escuela de Abogados del Estado de Tucum\u00e1n<\/a><\/span><\/li>\n<li><span style=\"text-decoration: underline\"><a href=\"http:\/\/camtucuman.gob.ar\/documentos\/convenios\/unt.pdf\" target=\"_blank\" rel=\"noopener noreferrer\">Universidad Nacional de Tucum\u00e1n<\/a><\/span><\/li>\n<li><span style=\"text-decoration: underline\"><a href=\"http:\/\/camtucuman.gob.ar\/documentos\/convenios\/fam.pdf\" target=\"_blank\" rel=\"noopener noreferrer\">Federaci\u00f3n Argentina de la Magistratura y la Funci\u00f3n Judicial<\/a><\/span><\/li>\n<li><span style=\"text-decoration: underline\"><a href=\"http:\/\/camtucuman.gob.ar\/documentos\/convenios\/municipalidad_monteros.pdf\" target=\"_blank\" rel=\"noopener noreferrer\">Municipalidad de Monteros<\/a><\/span><\/li>\n<li><span style=\"text-decoration: underline\"><a href=\"http:\/\/camtucuman.gob.ar\/documentos\/convenios\/escuela_gobernanza_indigena.pdf\" target=\"_blank\" rel=\"noopener noreferrer\">Escuela de Gobernanza Ind\u00edgena de Amaicha del Valle<\/a><\/span><\/li>\n<li><span style=\"text-decoration: underline\"><a href=\"http:\/\/camtucuman.gob.ar\/documentos\/convenios\/tribunal_fiscal_apelacion.pdf\" target=\"_blank\" rel=\"noopener noreferrer\">Tribunal Fiscal de Apelaci\u00f3n de Tucum\u00e1n<\/a>&nbsp;<\/span><\/li>\n<li><span style=\"text-decoration: underline\"><a href=\"http:\/\/camtucuman.gob.ar\/documentos\/convenios\/universidad_salamanca.pdf\" target=\"_blank\" rel=\"noopener noreferrer\">Universidad de Salamanca, Facultad de Derecho<\/a><\/span><\/li>\n<li><span style=\"text-decoration: underline\"><a href=\"http:\/\/camtucuman.gob.ar\/documentos\/convenios\/colegio_psicologos_tucuman.pdf\" target=\"_blank\" rel=\"noopener noreferrer\">Colegio de Psic\u00f3logos de Tucum\u00e1n<\/a><\/span><\/li>\n<li><a href=\"https:\/\/camtucuman.gob.ar\/documentos\/convenios\/direccion_general_salud_mental.pdf\" target=\"_blank\" rel=\"noopener noreferrer\">Direcci\u00f3n General de Salud Mental y Adicciones del Sistema de Salud de la Provincia de Tucum\u00e1n<\/a><\/li>\n<li><a href=\"https:\/\/camtucuman.gob.ar\/documentos\/convenios\/convenio_tribunal_fiscal.pdf\" target=\"_blank\" rel=\"noopener noreferrer\">Tribunal Fiscal de Apelaciones de Tucum\u00e1n<\/a><\/li>\n<li><a href=\"https:\/\/camtucuman.gob.ar\/documentos\/convenios\/convenio_educacion_provincia.pdf\" target=\"_blank\" rel=\"noopener noreferrer\">Ministerio de Educaci\u00f3n de la Provincia de Tucum\u00e1n<\/a><\/li>\n<\/ul>\n<p style=\"text-align: center\">&nbsp;<\/p>\n<p>&nbsp;<\/p>\n<p>&nbsp;<\/p>\n<p style=\"text-align: center\">&nbsp;<\/p>\n<p>&nbsp;<\/p>\n<p>&nbsp;<\/p>\n","protected":false},"excerpt":{"rendered":"<p>El Consejo Asesor de la Magistratura lleva a cabo diversas acciones para su consolidaci\u00f3n a nivel interinstitucional, forjando v\u00ednculos otros organismos que comparten prop\u00f3sitos similares. En primer lugar, el CAM mantiene una estrecha relaci\u00f3n con el Poder Judicial de Tucum\u00e1n, dotando al mismo de los profesionales id\u00f3neos m\u00e1s capacitados para la tarea de administrar justicia,&hellip;<\/p>\n","protected":false},"author":1,"featured_media":0,"parent":0,"menu_order":0,"comment_status":"closed","ping_status":"closed","template":"","meta":{"ngg_post_thumbnail":0,"footnotes":""},"class_list":["post-19","page","type-page","status-publish","hentry","description-off"],"_links":{"self":[{"href":"https:\/\/camtucuman.gob.ar\/accesible\/wp-json\/wp\/v2\/pages\/19","targetHints":{"allow":["GET"]}}],"collection":[{"href":"https:\/\/camtucuman.gob.ar\/accesible\/wp-json\/wp\/v2\/pages"}],"about":[{"href":"https:\/\/camtucuman.gob.ar\/accesible\/wp-json\/wp\/v2\/types\/page"}],"author":[{"embeddable":true,"href":"https:\/\/camtucuman.gob.ar\/accesible\/wp-json\/wp\/v2\/users\/1"}],"replies":[{"embeddable":true,"href":"https:\/\/camtucuman.gob.ar\/accesible\/wp-json\/wp\/v2\/comments?post=19"}],"version-history":[{"count":5,"href":"https:\/\/camtucuman.gob.ar\/accesible\/wp-json\/wp\/v2\/pages\/19\/revisions"}],"predecessor-version":[{"id":1661,"href":"https:\/\/camtucuman.gob.ar\/accesible\/wp-json\/wp\/v2\/pages\/19\/revisions\/1661"}],"wp:attachment":[{"href":"https:\/\/camtucuman.gob.ar\/accesible\/wp-json\/wp\/v2\/media?parent=19"}],"curies":[{"name":"wp","href":"https:\/\/api.w.org\/{rel}","templated":true}]}}