{"id":10,"date":"2015-11-03T19:34:32","date_gmt":"2015-11-03T19:34:32","guid":{"rendered":"http:\/\/escuelacamtucuman.gob.ar\/democam\/?page_id=10"},"modified":"2024-05-27T13:27:48","modified_gmt":"2024-05-27T13:27:48","slug":"autoridades","status":"publish","type":"page","link":"https:\/\/camtucuman.gob.ar\/accesible\/autoridades\/","title":{"rendered":"Autoridades"},"content":{"rendered":"<p>[vc_row][vc_column][\/vc_column][\/vc_row][vc_row][vc_column][vc_column_text]<\/p>\n<p style=\"text-align: center\"><strong>Gesti\u00f3n noviembre 2023- noviembre 2025<\/strong><\/p>\n<ul>\n<li><strong>Daniel Oscar Posse. <\/strong>Presidente, Representante de la Corte Suprema de Justicia de la Provincia de Tucum\u00e1n.&nbsp;<\/li>\n<li><strong>Antonio Daniel Estof\u00e1n.<\/strong> Representante suplente de la Corte Suprema de Justicia de la Provincia de Tucum\u00e1n.&nbsp;<\/li>\n<li style=\"text-align: justify\"><strong>Mario Leito<\/strong>. Vicepresidente, representante titular de los legisladores por la mayor\u00eda parlamentaria.<\/li>\n<li style=\"text-align: justify\"><strong>Rodolfo Movsovich<\/strong><strong>.<\/strong> Representante titular de los Magistrados o Ministerio P\u00fablico de Primera o Segunda Instancia del Centro Judicial Capital.&nbsp;<\/li>\n<li style=\"text-align: justify\"><strong>Estela Giffoniello<\/strong><strong>.<\/strong> Representante suplente de los Magistrados o Ministerio P\u00fablico de Primera o Segunda Instancia del Centro Judicial Capital.<\/li>\n<li><strong>Edgardo S\u00e1nchez.<\/strong> Representante titular de los Magistrados o Ministerio P\u00fablico de Primera o Segunda Instancia del Centro Judicial Concepci\u00f3n.&nbsp;<\/li>\n<li><strong>Malvina Segu\u00ed.<\/strong> Representante suplente de los Magistrados o Ministerio P\u00fablico de Primera o Segunda Instancia del Centro Judicial Concepci\u00f3n.&nbsp;<\/li>\n<li><strong>Sara Assan<\/strong><strong>.<\/strong> Representante titular de los Legisladores por la Mayor\u00eda Parlamentaria.&nbsp;<\/li>\n<li><strong>Ger\u00f3nimo Vargas Aignasse<\/strong><strong>. <\/strong>Representante suplente de los Legisladores por la Mayor\u00eda Parlamentaria.<\/li>\n<li><strong>Carlos F\u00fanez<\/strong><strong>. <\/strong>Representante suplente de los Legisladores por la Mayor\u00eda Parlamentaria.<\/li>\n<li><strong>Manuel Courel.<\/strong>Representante titular de los Legisladores por la Minor\u00eda Parlamentaria.<\/li>\n<li><strong>Walter Berarducci<\/strong><strong>.<\/strong> Representante suplente de los Legisladores por la Minor\u00eda Parlamentaria.<\/li>\n<li><strong>Ma. Cristina L\u00f3pez \u00c1vila<\/strong><strong>.<\/strong> Representante titular de los Abogados Matriculados de la Capital.<\/li>\n<li><strong>Carlos Arias<\/strong><strong>. <\/strong>Representante suplente de los Abogados Matriculados de la Capital.<\/li>\n<li><strong>Eugenio Racedo. <\/strong>Representante titular de los Abogados Matriculados del Sur.<\/li>\n<li><strong>Mario Choquis. <\/strong>Representante suplente de los Abogados Matriculados del Sur.<\/li>\n<li><strong>Secretarios del CAM:<\/strong> Mar\u00eda Sof\u00eda Nacul y Fabricio Falcucci.<\/li>\n<\/ul>\n<p>[\/vc_column_text][\/vc_column][\/vc_row]<\/p>\n","protected":false},"excerpt":{"rendered":"<p>[vc_row][vc_column][\/vc_column][\/vc_row][vc_row][vc_column][vc_column_text] Gesti\u00f3n noviembre 2023- noviembre 2025 Daniel Oscar Posse. Presidente, Representante de la Corte Suprema de Justicia de la Provincia de Tucum\u00e1n.&nbsp; Antonio Daniel Estof\u00e1n. Representante suplente de la Corte Suprema de Justicia de la Provincia de Tucum\u00e1n.&nbsp; Mario Leito. Vicepresidente, representante titular de los legisladores por la mayor\u00eda parlamentaria. Rodolfo Movsovich. Representante titular de&hellip;<\/p>\n","protected":false},"author":1,"featured_media":0,"parent":0,"menu_order":0,"comment_status":"closed","ping_status":"closed","template":"","meta":{"ngg_post_thumbnail":0,"footnotes":""},"class_list":["post-10","page","type-page","status-publish","hentry","description-off"],"_links":{"self":[{"href":"https:\/\/camtucuman.gob.ar\/accesible\/wp-json\/wp\/v2\/pages\/10","targetHints":{"allow":["GET"]}}],"collection":[{"href":"https:\/\/camtucuman.gob.ar\/accesible\/wp-json\/wp\/v2\/pages"}],"about":[{"href":"https:\/\/camtucuman.gob.ar\/accesible\/wp-json\/wp\/v2\/types\/page"}],"author":[{"embeddable":true,"href":"https:\/\/camtucuman.gob.ar\/accesible\/wp-json\/wp\/v2\/users\/1"}],"replies":[{"embeddable":true,"href":"https:\/\/camtucuman.gob.ar\/accesible\/wp-json\/wp\/v2\/comments?post=10"}],"version-history":[{"count":12,"href":"https:\/\/camtucuman.gob.ar\/accesible\/wp-json\/wp\/v2\/pages\/10\/revisions"}],"predecessor-version":[{"id":1787,"href":"https:\/\/camtucuman.gob.ar\/accesible\/wp-json\/wp\/v2\/pages\/10\/revisions\/1787"}],"wp:attachment":[{"href":"https:\/\/camtucuman.gob.ar\/accesible\/wp-json\/wp\/v2\/media?parent=10"}],"curies":[{"name":"wp","href":"https:\/\/api.w.org\/{rel}","templated":true}]}}